{"id":4,"date":"2017-08-12T13:26:40","date_gmt":"2017-08-12T13:26:40","guid":{"rendered":"http:\/\/www.ahmasvesi.fi\/?page_id=4"},"modified":"2026-04-17T09:38:22","modified_gmt":"2026-04-17T09:38:22","slug":"koti","status":"publish","type":"page","link":"https:\/\/www.ahmasvesi.fi\/","title":{"rendered":""},"content":{"rendered":"\n<figure class=\"wp-block-gallery has-nested-images columns-default is-cropped wp-block-gallery-1 is-layout-flex wp-block-gallery-is-layout-flex\">\n<figure class=\"wp-block-image size-large is-resized\"><img loading=\"lazy\" decoding=\"async\" width=\"300\" height=\"225\" data-id=\"130\" src=\"https:\/\/www.ahmasvesi.fi\/wp-content\/uploads\/2019\/04\/IMG_20190427_181332-300x225.jpg\" alt=\"\" class=\"wp-image-130\" style=\"width:405px;height:304px\" srcset=\"https:\/\/www.ahmasvesi.fi\/wp-content\/uploads\/2019\/04\/IMG_20190427_181332-300x225.jpg 300w, https:\/\/www.ahmasvesi.fi\/wp-content\/uploads\/2019\/04\/IMG_20190427_181332-768x576.jpg 768w, https:\/\/www.ahmasvesi.fi\/wp-content\/uploads\/2019\/04\/IMG_20190427_181332-1024x768.jpg 1024w\" sizes=\"auto, (max-width: 300px) 100vw, 300px\" \/><\/figure>\n\n\n\n<figure class=\"wp-block-image size-large\"><img loading=\"lazy\" decoding=\"async\" width=\"1024\" height=\"768\" data-id=\"313\" src=\"https:\/\/www.ahmasvesi.fi\/wp-content\/uploads\/2022\/03\/20200731_152723-1024x768.jpg\" alt=\"\" class=\"wp-image-313\" srcset=\"https:\/\/www.ahmasvesi.fi\/wp-content\/uploads\/2022\/03\/20200731_152723-1024x768.jpg 1024w, https:\/\/www.ahmasvesi.fi\/wp-content\/uploads\/2022\/03\/20200731_152723-300x225.jpg 300w, https:\/\/www.ahmasvesi.fi\/wp-content\/uploads\/2022\/03\/20200731_152723-768x576.jpg 768w, https:\/\/www.ahmasvesi.fi\/wp-content\/uploads\/2022\/03\/20200731_152723-1536x1152.jpg 1536w, https:\/\/www.ahmasvesi.fi\/wp-content\/uploads\/2022\/03\/20200731_152723-2048x1536.jpg 2048w\" sizes=\"auto, (max-width: 1024px) 100vw, 1024px\" \/><\/figure>\n<\/figure>\n\n\n\n<p class=\"has-text-align-left\"><strong>T\u00e4m\u00e4 on Ahmasveden hoitoyhdistyksen kotisivu.<\/strong><\/p>\n\n\n\n<p class=\"has-text-align-left\">Yhdistys on rekister\u00f6ity vuonna 2008, ja toimii kanavana m\u00f6kkil\u00e4isten, asukkaiden ja muiden j\u00e4rven tilasta kiinnostuneiden yhteisty\u00f6lle j\u00e4rven rehev\u00f6itymisen v\u00e4hent\u00e4miseksi.<\/p>\n\n\n\n<p class=\"has-text-align-left\">J\u00e4rven tilasta on teetetty tutkimuksia, suoritettu niittoja sek\u00e4 j\u00e4rvelle on esim. yhdistyksen toimesta istutettu kuhaa roskakalan v\u00e4hent\u00e4miseksi. Vuosille 2019-2023 saatiin ELY-keskuksen avustus niittoja varten.<\/p>\n\n\n\n<p class=\"has-text-align-left\">Mik\u00e4li et ole viel\u00e4 j\u00e4sen ja olet halukas liittym\u00e4\u00e4n, ota yhteytt\u00e4 j\u00e4senvastaavaan (kts. yhteystiedot).<\/p>\n\n\n\n<p><strong>Vuoden 2026 j\u00e4senmaksu on 50e<\/strong>, vapaaehtoisesti voit tukea yhdistyksen toimintaa my\u00f6s isommalla summalla. Yhdistyksen tilinumero on Lokalahden OP, FI88 5240 0320 0116 11, muista viitenro <strong>2192<\/strong>.<\/p>\n\n\n\n<p><\/p>\n\n\n\n<p>Yhdistyksell\u00e4 on <strong>Facebook<\/strong>-ryhm\u00e4, kirjoita hakuun kokonaisuudessaan \u201dAhmasveden hoitoyhdistys\u201d ja pyyd\u00e4 j\u00e4senyytt\u00e4! Mik\u00e4li t\u00e4m\u00e4 ei onnistu, katso yhteystiedot ja l\u00e4het\u00e4 s\u00e4hk\u00f6postia tai soita sivuston yll\u00e4pit\u00e4j\u00e4lle (Ilkka Loponen).<\/p>\n\n\n\n<p>Mik\u00e4li haluat avata keskustelun jostakin aiheesta tai l\u00e4hett\u00e4\u00e4 kuviasi galleriaan, ota yhteytt\u00e4 s\u00e4hk\u00f6postitse sivuston yll\u00e4pit\u00e4j\u00e4\u00e4n.<\/p>\n\n\n\n<p>Hyv\u00e4\u00e4 kev\u00e4tt\u00e4!<\/p>\n\n\n\n<p><\/p>\n","protected":false},"excerpt":{"rendered":"<p>T\u00e4m\u00e4 on Ahmasveden hoitoyhdistyksen kotisivu. Yhdistys on rekister\u00f6ity vuonna 2008, ja toimii kanavana m\u00f6kkil\u00e4isten, asukkaiden ja muiden j\u00e4rven tilasta kiinnostuneiden yhteisty\u00f6lle j\u00e4rven rehev\u00f6itymisen v\u00e4hent\u00e4miseksi. J\u00e4rven tilasta on teetetty tutkimuksia, suoritettu niittoja sek\u00e4 j\u00e4rvelle on esim. yhdistyksen toimesta istutettu kuhaa roskakalan&#8230;<\/p>\n","protected":false},"author":1,"featured_media":0,"parent":0,"menu_order":0,"comment_status":"closed","ping_status":"closed","template":"","meta":{"footnotes":""},"class_list":["post-4","page","type-page","status-publish","hentry"],"_links":{"self":[{"href":"https:\/\/www.ahmasvesi.fi\/index.php?rest_route=\/wp\/v2\/pages\/4","targetHints":{"allow":["GET"]}}],"collection":[{"href":"https:\/\/www.ahmasvesi.fi\/index.php?rest_route=\/wp\/v2\/pages"}],"about":[{"href":"https:\/\/www.ahmasvesi.fi\/index.php?rest_route=\/wp\/v2\/types\/page"}],"author":[{"embeddable":true,"href":"https:\/\/www.ahmasvesi.fi\/index.php?rest_route=\/wp\/v2\/users\/1"}],"replies":[{"embeddable":true,"href":"https:\/\/www.ahmasvesi.fi\/index.php?rest_route=%2Fwp%2Fv2%2Fcomments&post=4"}],"version-history":[{"count":82,"href":"https:\/\/www.ahmasvesi.fi\/index.php?rest_route=\/wp\/v2\/pages\/4\/revisions"}],"predecessor-version":[{"id":440,"href":"https:\/\/www.ahmasvesi.fi\/index.php?rest_route=\/wp\/v2\/pages\/4\/revisions\/440"}],"wp:attachment":[{"href":"https:\/\/www.ahmasvesi.fi\/index.php?rest_route=%2Fwp%2Fv2%2Fmedia&parent=4"}],"curies":[{"name":"wp","href":"https:\/\/api.w.org\/{rel}","templated":true}]}}