{"id":368,"date":"2023-08-03T10:18:49","date_gmt":"2023-08-03T10:18:49","guid":{"rendered":"https:\/\/www.ahmasvesi.fi\/?page_id=368"},"modified":"2023-08-03T11:41:30","modified_gmt":"2023-08-03T11:41:30","slug":"niitot-ja-talkootyot","status":"publish","type":"page","link":"https:\/\/www.ahmasvesi.fi\/?page_id=368","title":{"rendered":"Niitot ja talkooty\u00f6t"},"content":{"rendered":"\n<p> Yhdistys on vuodesta 2020 l\u00e4htien suorittanut kasvuston niittoja j\u00e4rvell\u00e4 yhteisty\u00f6ss\u00e4 Kaivuupalvelu Laitosen kanssa. T\u00e4h\u00e4n saadaan avustusta ELY-keskukselta, kuten my\u00f6s itse tehtyihin talkootunteihin, kun niitet\u00e4\u00e4n yleisilt\u00e4 alueilta tai nostetaan leikkuu-\/muuta kasvustoj\u00e4tett\u00e4 yl\u00f6s omasta rannasta. Leikkuualueita on pidetty suunnilleen samoina vuosittain, alkuun oli vain yksi niitto vuodessa, nyttemmin on j\u00e4rven etel\u00e4p\u00e4\u00e4ss\u00e4 suoritettu ensimm\u00e4inen niitto jo juhannuksen tienoilla, muualla j\u00e4rvell\u00e4 suojelurajoitusten vuoksi niittoja voidaan suorittaa vasta hein\u00e4-elokuun vaihteessa. <\/p>\n\n\n\n<p> Merkitseth\u00e4n kes\u00e4n aikana tekem\u00e4si talkootunnit yl\u00f6s ja toimitat ne syksyll\u00e4 rahastonhoitaja Jukka Kauristolle. Konety\u00f6tunnit (per\u00e4moottori, moottorilla toimiva niittokone jne.) tulee eritell\u00e4, koska n\u00e4ist\u00e4 saadaan ELY-keskukselta suurempi korvaus. Ohessa on kaavake tuntien merkitsemist\u00e4 varten, paperikopioita on saatavissa puheenjohtaja Jaana Mantereelta (kts. yhteystiedot). Muista ottaa my\u00f6s valokuvia ennen ja j\u00e4lkeen niiton, n\u00e4m\u00e4 toimitetaan my\u00f6s ELY-keskukselle. N\u00e4m\u00e4 voi jakaa esim. WhatsApp-sovelluksella Jukka Kauristolle, tai katso yhteystiedoista s\u00e4hk\u00f6posti.<\/p>\n\n\n\n<div data-wp-interactive=\"core\/file\" class=\"wp-block-file\"><object data-wp-bind--hidden=\"!state.hasPdfPreview\" hidden class=\"wp-block-file__embed\" data=\"https:\/\/www.ahmasvesi.fi\/wp-content\/uploads\/2023\/08\/ely90g2_fi_talkootyolomake_ymparisto.pdf\" type=\"application\/pdf\" style=\"width:100%;height:600px\" aria-label=\"Tiedoston ely90g2_fi_talkootyolomake_ymparisto upotus.\"><\/object><a id=\"wp-block-file--media-83d98165-fbc2-48ba-ab8a-e38470241aa2\" href=\"https:\/\/www.ahmasvesi.fi\/wp-content\/uploads\/2023\/08\/ely90g2_fi_talkootyolomake_ymparisto.pdf\">ely90g2_fi_talkootyolomake_ymparisto<\/a><a href=\"https:\/\/www.ahmasvesi.fi\/wp-content\/uploads\/2023\/08\/ely90g2_fi_talkootyolomake_ymparisto.pdf\" class=\"wp-block-file__button wp-element-button\" download aria-describedby=\"wp-block-file--media-83d98165-fbc2-48ba-ab8a-e38470241aa2\">Lataa<\/a><\/div>\n\n\n\n<div class=\"wp-block-file\"><a id=\"wp-block-file--media-43728b84-7525-44b4-ae8c-1b8d058578ea\" href=\"https:\/\/www.ahmasvesi.fi\/wp-content\/uploads\/2023\/08\/ely90g2_fi_talkootyolomake_ymparisto-word.doc\">ely90g2_fi_talkootyolomake_ymparisto-word<\/a><a href=\"https:\/\/www.ahmasvesi.fi\/wp-content\/uploads\/2023\/08\/ely90g2_fi_talkootyolomake_ymparisto-word.doc\" class=\"wp-block-file__button wp-element-button\" download aria-describedby=\"wp-block-file--media-43728b84-7525-44b4-ae8c-1b8d058578ea\">Lataa<\/a><\/div>\n","protected":false},"excerpt":{"rendered":"<p>Yhdistys on vuodesta 2020 l\u00e4htien suorittanut kasvuston niittoja j\u00e4rvell\u00e4 yhteisty\u00f6ss\u00e4 Kaivuupalvelu Laitosen kanssa. T\u00e4h\u00e4n saadaan avustusta ELY-keskukselta, kuten my\u00f6s itse tehtyihin talkootunteihin, kun niitet\u00e4\u00e4n yleisilt\u00e4 alueilta tai nostetaan leikkuu-\/muuta kasvustoj\u00e4tett\u00e4 yl\u00f6s omasta rannasta. Leikkuualueita on pidetty suunnilleen samoina vuosittain, alkuun&#8230;<\/p>\n","protected":false},"author":1,"featured_media":0,"parent":0,"menu_order":0,"comment_status":"closed","ping_status":"closed","template":"","meta":{"footnotes":""},"class_list":["post-368","page","type-page","status-publish","hentry"],"_links":{"self":[{"href":"https:\/\/www.ahmasvesi.fi\/index.php?rest_route=\/wp\/v2\/pages\/368","targetHints":{"allow":["GET"]}}],"collection":[{"href":"https:\/\/www.ahmasvesi.fi\/index.php?rest_route=\/wp\/v2\/pages"}],"about":[{"href":"https:\/\/www.ahmasvesi.fi\/index.php?rest_route=\/wp\/v2\/types\/page"}],"author":[{"embeddable":true,"href":"https:\/\/www.ahmasvesi.fi\/index.php?rest_route=\/wp\/v2\/users\/1"}],"replies":[{"embeddable":true,"href":"https:\/\/www.ahmasvesi.fi\/index.php?rest_route=%2Fwp%2Fv2%2Fcomments&post=368"}],"version-history":[{"count":4,"href":"https:\/\/www.ahmasvesi.fi\/index.php?rest_route=\/wp\/v2\/pages\/368\/revisions"}],"predecessor-version":[{"id":378,"href":"https:\/\/www.ahmasvesi.fi\/index.php?rest_route=\/wp\/v2\/pages\/368\/revisions\/378"}],"wp:attachment":[{"href":"https:\/\/www.ahmasvesi.fi\/index.php?rest_route=%2Fwp%2Fv2%2Fmedia&parent=368"}],"curies":[{"name":"wp","href":"https:\/\/api.w.org\/{rel}","templated":true}]}}